{"id":1412,"date":"2016-06-12T22:26:39","date_gmt":"2016-06-12T21:26:39","guid":{"rendered":"http:\/\/www.cranio-therapie-stuttgart.de\/en\/?page_id=1412"},"modified":"2025-08-30T13:16:57","modified_gmt":"2025-08-30T12:16:57","slug":"legal-notice","status":"publish","type":"page","link":"https:\/\/www.cranio-therapie-stuttgart.de\/en\/legal-notice\/","title":{"rendered":"Imprint"},"content":{"rendered":"<div class=\"fusion-fullwidth fullwidth-box fusion-builder-row-1 nonhundred-percent-fullwidth non-hundred-percent-height-scrolling\" style=\"--awb-border-radius-top-left:0px;--awb-border-radius-top-right:0px;--awb-border-radius-bottom-right:0px;--awb-border-radius-bottom-left:0px;--awb-flex-wrap:wrap;\" ><div class=\"fusion-builder-row fusion-row\"><div class=\"fusion-layout-column fusion_builder_column fusion-builder-column-0 fusion_builder_column_1_1 1_1 fusion-one-full fusion-column-first fusion-column-last\" style=\"--awb-bg-blend:overlay;--awb-bg-size:cover;--awb-margin-bottom:0px;\"><div class=\"fusion-column-wrapper fusion-flex-column-wrapper-legacy\"><div class=\"fusion-text fusion-text-1\"><h2>Verantwortlich i.S.d. \u00a7\u00a7 2, 5 TMG und Redaktion:<\/h2>\n<p>Praxis f\u00fcr Craniosacrale Therapie und Energiearbeit<br \/>\nSchule f\u00fcr Craniosacrale Therapie und Traumaarbeit<br \/>\nElke Angermann<br \/>\nHeilpraktikerin<br \/>\nIsolde-Kurz-Stra\u00dfe 22<br \/>\n70619 Stuttgart<\/p>\n<p>Mobil 0157 \/ 35220814<br \/>\ninfo@cranio-therapie-stuttgart.de<\/p>\n<p>Bankverbindung:<br \/>\nElke Angermann<br \/>\nGLS Bank<br \/>\nAddress: Eugensplatz 5, 70184 Stuttgart<br \/>\nIBAN: DE92 4306 0967 7004 8982 00<br \/>\nBIC: GENODEM1GLS<\/p>\n<h2>Berufsbezeichnung:<\/h2>\n<p>Examinierte Krankenschwester seit 1997<br \/>\n2007-2010 Zertifizierte Ausbildung f\u00fcr Craniosacrale Therapie in der Schule f\u00fcr CranioSacral Healing bei R. U. L\u00f6we, Assistenz bei der Ausbildung f\u00fcr Craniosacrale Therapie Stufe 1-4 von 2009-2011<br \/>\nHeilpraktikerin (Verliehen in der Bundesrepublik Deutschland am 22.05.2014)<\/p>\n<p>Zust\u00e4ndige Aufsichtsbeh\u00f6rde:<br \/>\nGesundheitsamt Stuttgart<br \/>\n<span style=\"color: var(--awb-text-color); font-family: var(--awb-text-font-family); font-size: var(--awb-font-size); font-style: var(--awb-text-font-style); font-weight: var(--awb-text-font-weight); letter-spacing: var(--awb-letter-spacing); text-align: var(--awb-content-alignment); text-transform: var(--awb-text-transform); background-color: var(--awb-bg-color);\">Schlo\u00dfstra\u00dfe 91<br \/>\n<\/span><span style=\"color: var(--awb-text-color); font-family: var(--awb-text-font-family); font-size: var(--awb-font-size); font-style: var(--awb-text-font-style); font-weight: var(--awb-text-font-weight); letter-spacing: var(--awb-letter-spacing); text-align: var(--awb-content-alignment); text-transform: var(--awb-text-transform); background-color: var(--awb-bg-color);\">70176 Stuttgart<br \/>\n<\/span><span style=\"color: var(--awb-text-color); font-family: var(--awb-text-font-family); font-size: var(--awb-font-size); font-style: var(--awb-text-font-style); font-weight: var(--awb-text-font-weight); letter-spacing: var(--awb-letter-spacing); text-align: var(--awb-content-alignment); text-transform: var(--awb-text-transform); background-color: var(--awb-bg-color);\"><a href=\"Aufsichtsbeh\u00f6rde Gesundheitsamt Stuttgart Schlo\u00dfstra\u00dfe 91 70176 Stuttgart https:\/\/www.stuttgart.de\/organigramm\/verwaltungseinheit\/gesundheitsamt.php\">https:\/\/www.stuttgart.de\/organigramm\/verwaltungseinheit\/gesundheitsamt.php<\/a><\/span><\/p>\n<p>Berufshaftpflichtversicherung:<br \/>\nContinentale Sachversicherung AGContinentale-Allee 1, 44269 DortmundTelefon: 0231 919-0, Telefax: 0231 919-2913 E-Mail <strong>:<a href=\"mailto:info@continentale.de\">info@continentale.de<\/a><\/strong><\/p>\n<h2>Berufsrechtliche Regelungen:<\/h2>\n<p><a href=\"https:\/\/www.heilpraktiker.org\/die-berufsordnung-fuer-heilpraktiker\">Berufsordnung f\u00fcr Heilpraktiker (BOH)<\/a><br \/>\nHeilpraktikergesetz, Gesetz \u00fcber die berufsm\u00e4\u00dfige Aus\u00fcbung der Heilkunde ohne Bestallung vom 17.2.1939 (HPG)<\/p>\n<h3>Gestaltung &amp; Webprogrammierung:<\/h3>\n<p>J\u00fcrgen K\u00f6nig, <a href=\"https:\/\/www.der-koenig.net\" target=\"_blank\" rel=\"noopener\">Der-Koenig.net<\/a><\/p>\n<h3>Bildlizenzen:<\/h3>\n<p>\u00dcber die Ausbildung:<br \/>\nKatarinenlinde, Bild von <a href=\"https:\/\/commons.wikimedia.org\/wiki\/File:Katharinenlinde_im_LSG_Esslingen_(1.16.082).jpg\">CatalpaSpirit<\/a>, <a href=\"https:\/\/creativecommons.org\/licenses\/by-sa\/4.0\">CC BY-SA 4.0<\/a>, via Wikimedia Commons<br \/>\nEsslinger Zehnthof, <a href=\"https:\/\/commons.wikimedia.org\/wiki\/File:Eslebt_esslingen_speyrer_zehnthof_kessler.jpg\">Bild von Michael Hoffmann, DE-73669 Lichtenwald (Benutzer:Micha_Es)<\/a>, <a href=\"https:\/\/creativecommons.org\/licenses\/by-sa\/3.0\/de\/deed.en\">CC BY-SA 3.0 DE<\/a>, via Wikimedia Commons<\/p>\n<h2>Verbraucher\u00adstreit\u00adbeilegung\/Universal\u00adschlichtungs\u00adstelle<\/h2>\n<p>Wir sind nicht bereit oder verpflichtet, an Streitbeilegungsverfahren vor einer Verbraucherschlichtungsstelle teilzunehmen.<\/p>\n<h2>Haftungsausschluss<\/h2>\n<p>Die Inhalte meiner Seiten wurden mit gr\u00f6\u00dfter Sorgfalt erstellt. F\u00fcr die Richtigkeit, Vollst\u00e4ndigkeit und Aktualit\u00e4t der Inhalte kann ich jedoch keine Gew\u00e4hr \u00fcbernehmen. Als Diensteanbieter bin ich gem\u00e4\u00df \u00a7 7 Abs.1 TMG f\u00fcr eigene Inhalte auf diesen Seiten nach den allgemeinen Gesetzen verantwortlich. Nach \u00a7\u00a7 8 bis 10 TMG bin ich als Diensteanbieter jedoch nicht verpflichtet, \u00fcbermittelte oder gespeicherte fremde Informationen zu \u00fcberwachen oder nach Umst\u00e4nden zu forschen, die auf eine rechtswidrige T\u00e4tigkeit hinweisen. Verpflichtungen zur Entfernung oder Sperrung der Nutzung von Informationen nach den allgemeinen Gesetzen bleiben hiervon unber\u00fchrt. Eine diesbez\u00fcgliche Haftung ist jedoch erst ab dem Zeitpunkt der Kenntnis einer konkreten Rechtsverletzung m\u00f6glich. Bei Bekanntwerden von entsprechenden Rechtsverletzungen werden wir diese Inhalte umgehend entfernen.<\/p>\n<h2>Haftung f\u00fcr Links<\/h2>\n<p>Mein Angebot enth\u00e4lt Links zu externen Webseiten Dritter, auf deren Inhalte ich keinen Einfluss habe. Deshalb kann ich f\u00fcr diese fremden Inhalte auch keine Gew\u00e4hr \u00fcbernehmen. F\u00fcr die Inhalte der verlinkten Seiten ist stets der jeweilige Anbieter oder Betreiber der Seiten verantwortlich. Die verlinkten Seiten wurden zum Zeitpunkt der Verlinkung auf m\u00f6gliche Rechtsverst\u00f6\u00dfe \u00fcberpr\u00fcft. Rechtswidrige Inhalte waren zum Zeitpunkt der Verlinkung nicht erkennbar. Eine permanente inhaltliche Kontrolle der verlinkten Seiten ist jedoch ohne konkrete Anhaltspunkte einer Rechtsverletzung nicht zumutbar. Bei Bekanntwerden von Rechtsverletzungen werden wir derartige Links umgehend entfernen.<\/p>\n<h2>Urheberrecht<\/h2>\n<p>Die durch die Seitenbetreiber erstellten Inhalte und Werke auf diesen Seiten unterliegen dem deutschen Urheberrecht. Die Vervielf\u00e4ltigung, Bearbeitung, Verbreitung und jede Art der Verwertung au\u00dferhalb der Grenzen des Urheberrechtes bed\u00fcrfen der schriftlichen Zustimmung des jeweiligen Autors bzw. Erstellers. Downloads und Kopien dieser Seite sind nur f\u00fcr den privaten, nicht kommerziellen Gebrauch gestattet. Soweit die Inhalte auf dieser Seite nicht vom Betreiber erstellt wurden, werden die Urheberrechte Dritter beachtet. Insbesondere werden Inhalte Dritter als solche gekennzeichnet. Sollten Sie trotzdem auf eine Urheberrechtsverletzung aufmerksam werden, bitte ich um einen entsprechenden Hinweis. Bei Bekanntwerden von Rechtsverletzungen werde ich derartige Inhalte umgehend entfernen.<\/p>\n<h2>Sonstiges:<\/h2>\n<p>Es besteht keine Pflicht zur Eintragung in Register mit Registergericht und Registernummer. Es gilt deutsches Recht und der gesetzliche Gerichtstand. Garantien, die \u00fcber die gesetzlichen Gew\u00e4hrleistungsrechte hinausgehen, werden nicht gew\u00e4hrt.<\/p>\n<\/div><div class=\"fusion-clearfix\"><\/div><\/div><\/div><\/div><\/div>\n","protected":false},"excerpt":{"rendered":"","protected":false},"author":1,"featured_media":0,"parent":0,"menu_order":90,"comment_status":"open","ping_status":"closed","template":"","meta":{"footnotes":""},"class_list":["post-1412","page","type-page","status-publish","hentry"],"yoast_head":"<!-- This site is optimized with the Yoast SEO plugin v27.2 - https:\/\/yoast.com\/product\/yoast-seo-wordpress\/ -->\n<title>Imprint - Craniosacrale Therapie, Traumatherapie, Energiearbeit<\/title>\n<meta name=\"description\" content=\"Imprint - Practice for Craniosacral Bodywork and Energy Work Elke Angermann, Stuttgart\/Esslingen\" \/>\n<meta name=\"robots\" content=\"index, follow, max-snippet:-1, max-image-preview:large, max-video-preview:-1\" \/>\n<link rel=\"canonical\" href=\"https:\/\/www.cranio-therapie-stuttgart.de\/en\/legal-notice\/\" \/>\n<meta property=\"og:locale\" content=\"en_US\" \/>\n<meta property=\"og:type\" content=\"article\" \/>\n<meta property=\"og:title\" content=\"Imprint - Craniosacrale Therapie, Traumatherapie, Energiearbeit\" \/>\n<meta property=\"og:description\" content=\"Imprint - Practice for Craniosacral Bodywork and Energy Work Elke Angermann, Stuttgart\/Esslingen\" \/>\n<meta property=\"og:url\" content=\"https:\/\/www.cranio-therapie-stuttgart.de\/en\/legal-notice\/\" \/>\n<meta property=\"og:site_name\" content=\"Craniosacrale Therapie, Traumatherapie, Energiearbeit\" \/>\n<meta property=\"article:modified_time\" content=\"2025-08-30T12:16:57+00:00\" \/>\n<meta name=\"twitter:label1\" content=\"Est. reading time\" \/>\n\t<meta name=\"twitter:data1\" content=\"3 minutes\" \/>\n<script type=\"application\/ld+json\" class=\"yoast-schema-graph\">{\"@context\":\"https:\/\/schema.org\",\"@graph\":[{\"@type\":\"WebPage\",\"@id\":\"https:\/\/www.cranio-therapie-stuttgart.de\/en\/legal-notice\/\",\"url\":\"https:\/\/www.cranio-therapie-stuttgart.de\/en\/legal-notice\/\",\"name\":\"Imprint - Craniosacrale Therapie, Traumatherapie, Energiearbeit\",\"isPartOf\":{\"@id\":\"https:\/\/www.cranio-therapie-stuttgart.de\/en\/#website\"},\"datePublished\":\"2016-06-12T21:26:39+00:00\",\"dateModified\":\"2025-08-30T12:16:57+00:00\",\"description\":\"Imprint - Practice for Craniosacral Bodywork and Energy Work Elke Angermann, Stuttgart\/Esslingen\",\"breadcrumb\":{\"@id\":\"https:\/\/www.cranio-therapie-stuttgart.de\/en\/legal-notice\/#breadcrumb\"},\"inLanguage\":\"en-US\",\"potentialAction\":[{\"@type\":\"ReadAction\",\"target\":[\"https:\/\/www.cranio-therapie-stuttgart.de\/en\/legal-notice\/\"]}]},{\"@type\":\"BreadcrumbList\",\"@id\":\"https:\/\/www.cranio-therapie-stuttgart.de\/en\/legal-notice\/#breadcrumb\",\"itemListElement\":[{\"@type\":\"ListItem\",\"position\":1,\"name\":\"Startseite\",\"item\":\"https:\/\/www.cranio-therapie-stuttgart.de\/en\/\"},{\"@type\":\"ListItem\",\"position\":2,\"name\":\"Imprint\"}]},{\"@type\":\"WebSite\",\"@id\":\"https:\/\/www.cranio-therapie-stuttgart.de\/en\/#website\",\"url\":\"https:\/\/www.cranio-therapie-stuttgart.de\/en\/\",\"name\":\"Craniosacrale Therapie, Traumatherapie, Energiearbeit\",\"description\":\"Elke Angermann, Stuttgart\",\"potentialAction\":[{\"@type\":\"SearchAction\",\"target\":{\"@type\":\"EntryPoint\",\"urlTemplate\":\"https:\/\/www.cranio-therapie-stuttgart.de\/en\/?s={search_term_string}\"},\"query-input\":{\"@type\":\"PropertyValueSpecification\",\"valueRequired\":true,\"valueName\":\"search_term_string\"}}],\"inLanguage\":\"en-US\"}]}<\/script>\n<!-- \/ Yoast SEO plugin. -->","yoast_head_json":{"title":"Imprint - Craniosacrale Therapie, Traumatherapie, Energiearbeit","description":"Imprint - Practice for Craniosacral Bodywork and Energy Work Elke Angermann, Stuttgart\/Esslingen","robots":{"index":"index","follow":"follow","max-snippet":"max-snippet:-1","max-image-preview":"max-image-preview:large","max-video-preview":"max-video-preview:-1"},"canonical":"https:\/\/www.cranio-therapie-stuttgart.de\/en\/legal-notice\/","og_locale":"en_US","og_type":"article","og_title":"Imprint - Craniosacrale Therapie, Traumatherapie, Energiearbeit","og_description":"Imprint - Practice for Craniosacral Bodywork and Energy Work Elke Angermann, Stuttgart\/Esslingen","og_url":"https:\/\/www.cranio-therapie-stuttgart.de\/en\/legal-notice\/","og_site_name":"Craniosacrale Therapie, Traumatherapie, Energiearbeit","article_modified_time":"2025-08-30T12:16:57+00:00","twitter_misc":{"Est. reading time":"3 minutes"},"schema":{"@context":"https:\/\/schema.org","@graph":[{"@type":"WebPage","@id":"https:\/\/www.cranio-therapie-stuttgart.de\/en\/legal-notice\/","url":"https:\/\/www.cranio-therapie-stuttgart.de\/en\/legal-notice\/","name":"Imprint - Craniosacrale Therapie, Traumatherapie, Energiearbeit","isPartOf":{"@id":"https:\/\/www.cranio-therapie-stuttgart.de\/en\/#website"},"datePublished":"2016-06-12T21:26:39+00:00","dateModified":"2025-08-30T12:16:57+00:00","description":"Imprint - Practice for Craniosacral Bodywork and Energy Work Elke Angermann, Stuttgart\/Esslingen","breadcrumb":{"@id":"https:\/\/www.cranio-therapie-stuttgart.de\/en\/legal-notice\/#breadcrumb"},"inLanguage":"en-US","potentialAction":[{"@type":"ReadAction","target":["https:\/\/www.cranio-therapie-stuttgart.de\/en\/legal-notice\/"]}]},{"@type":"BreadcrumbList","@id":"https:\/\/www.cranio-therapie-stuttgart.de\/en\/legal-notice\/#breadcrumb","itemListElement":[{"@type":"ListItem","position":1,"name":"Startseite","item":"https:\/\/www.cranio-therapie-stuttgart.de\/en\/"},{"@type":"ListItem","position":2,"name":"Imprint"}]},{"@type":"WebSite","@id":"https:\/\/www.cranio-therapie-stuttgart.de\/en\/#website","url":"https:\/\/www.cranio-therapie-stuttgart.de\/en\/","name":"Craniosacrale Therapie, Traumatherapie, Energiearbeit","description":"Elke Angermann, Stuttgart","potentialAction":[{"@type":"SearchAction","target":{"@type":"EntryPoint","urlTemplate":"https:\/\/www.cranio-therapie-stuttgart.de\/en\/?s={search_term_string}"},"query-input":{"@type":"PropertyValueSpecification","valueRequired":true,"valueName":"search_term_string"}}],"inLanguage":"en-US"}]}},"_links":{"self":[{"href":"https:\/\/www.cranio-therapie-stuttgart.de\/en\/wp-json\/wp\/v2\/pages\/1412","targetHints":{"allow":["GET"]}}],"collection":[{"href":"https:\/\/www.cranio-therapie-stuttgart.de\/en\/wp-json\/wp\/v2\/pages"}],"about":[{"href":"https:\/\/www.cranio-therapie-stuttgart.de\/en\/wp-json\/wp\/v2\/types\/page"}],"author":[{"embeddable":true,"href":"https:\/\/www.cranio-therapie-stuttgart.de\/en\/wp-json\/wp\/v2\/users\/1"}],"replies":[{"embeddable":true,"href":"https:\/\/www.cranio-therapie-stuttgart.de\/en\/wp-json\/wp\/v2\/comments?post=1412"}],"version-history":[{"count":22,"href":"https:\/\/www.cranio-therapie-stuttgart.de\/en\/wp-json\/wp\/v2\/pages\/1412\/revisions"}],"predecessor-version":[{"id":37456,"href":"https:\/\/www.cranio-therapie-stuttgart.de\/en\/wp-json\/wp\/v2\/pages\/1412\/revisions\/37456"}],"wp:attachment":[{"href":"https:\/\/www.cranio-therapie-stuttgart.de\/en\/wp-json\/wp\/v2\/media?parent=1412"}],"curies":[{"name":"wp","href":"https:\/\/api.w.org\/{rel}","templated":true}]}}