{"id":13300,"date":"2025-04-17T10:45:09","date_gmt":"2025-04-17T09:45:09","guid":{"rendered":"https:\/\/www.cranio-therapie-stuttgart.de\/?page_id=13300"},"modified":"2026-03-01T19:55:23","modified_gmt":"2026-03-01T18:55:23","slug":"breath-of-life-meditation","status":"publish","type":"page","link":"https:\/\/www.cranio-therapie-stuttgart.de\/en\/breath-of-life-meditation\/","title":{"rendered":"Breath of Life Meditation"},"content":{"rendered":"<p><div class=\"fusion-fullwidth fullwidth-box fusion-builder-row-1 fusion-flex-container has-pattern-background has-mask-background fusion-parallax-none nonhundred-percent-fullwidth non-hundred-percent-height-scrolling\" style=\"--awb-background-blend-mode:overlay;--awb-border-radius-top-left:0px;--awb-border-radius-top-right:0px;--awb-border-radius-bottom-right:0px;--awb-border-radius-bottom-left:0px;--awb-padding-top:0px;--awb-padding-right:0px;--awb-padding-bottom:0px;--awb-margin-bottom:0px;--awb-margin-top-small:-30px;--awb-margin-bottom-small:-30px;--awb-background-color:rgba(237,227,222,0.6);--awb-background-image:url(&quot;https:\/\/www.cranio-therapie-stuttgart.de\/wp-content\/uploads\/2025\/04\/Platzhalter2.jpg&quot;);--awb-background-size:cover;--awb-flex-wrap:wrap;\" ><div class=\"fusion-builder-row fusion-row fusion-flex-align-items-flex-start fusion-flex-content-wrap\" style=\"max-width:1144px;margin-left: calc(-4% \/ 2 );margin-right: calc(-4% \/ 2 );\"><div class=\"fusion-layout-column fusion_builder_column fusion-builder-column-0 fusion_builder_column_1_1 1_1 fusion-flex-column\" style=\"--awb-bg-blend:overlay;--awb-bg-size:cover;--awb-width-large:100%;--awb-margin-top-large:30vh;--awb-spacing-right-large:1.92%;--awb-margin-bottom-large:30vh;--awb-spacing-left-large:1.92%;--awb-width-medium:100%;--awb-order-medium:0;--awb-spacing-right-medium:1.92%;--awb-spacing-left-medium:1.92%;--awb-width-small:100%;--awb-order-small:0;--awb-spacing-right-small:1.92%;--awb-spacing-left-small:1.92%;\" data-scroll-devices=\"small-visibility,medium-visibility,large-visibility\"><div class=\"fusion-column-wrapper fusion-column-has-shadow fusion-flex-justify-content-flex-start fusion-content-layout-column\"><div class=\"fusion-text fusion-text-1 fusion-text-no-margin header-willkommen\" style=\"--awb-font-size:72px;--awb-letter-spacing:0.1em;--awb-text-color:#ba8715;--awb-margin-top:0px;--awb-margin-bottom:40px;--awb-text-font-family:&quot;Open Sans&quot;;--awb-text-font-style:normal;--awb-text-font-weight:300;\"><h1 style=\"letter-spacing: 0.1px; font-size: 60px; color: #ba8715; font-weight: 300; text-align: center;\">Breath of Life &#8211; Stillness Meditation<\/h1>\n<\/div><div class=\"fusion-separator fusion-full-width-sep\" style=\"align-self: center;margin-left: auto;margin-right: auto;margin-top:30px;margin-bottom:30px;width:100%;\"><div class=\"fusion-separator-border sep-double\" style=\"--awb-height:20px;--awb-amount:20px;border-color:#e0dede;border-top-width:0px;border-bottom-width:0px;\"><\/div><\/div><\/div><\/div><\/div><\/div><div class=\"fusion-fullwidth fullwidth-box fusion-builder-row-2 fusion-flex-container has-pattern-background has-mask-background nonhundred-percent-fullwidth non-hundred-percent-height-scrolling li-icon-ws-rot\" style=\"--awb-border-radius-top-left:0px;--awb-border-radius-top-right:0px;--awb-border-radius-bottom-right:0px;--awb-border-radius-bottom-left:0px;--awb-flex-wrap:wrap;\" ><div class=\"fusion-builder-row fusion-row fusion-flex-align-items-flex-start fusion-flex-content-wrap\" style=\"max-width:1144px;margin-left: calc(-4% \/ 2 );margin-right: calc(-4% \/ 2 );\"><div class=\"fusion-layout-column fusion_builder_column fusion-builder-column-1 fusion_builder_column_1_1 1_1 fusion-flex-column\" style=\"--awb-bg-size:cover;--awb-width-large:100%;--awb-margin-top-large:60px;--awb-spacing-right-large:1.92%;--awb-margin-bottom-large:20px;--awb-spacing-left-large:1.92%;--awb-width-medium:100%;--awb-order-medium:0;--awb-spacing-right-medium:1.92%;--awb-spacing-left-medium:1.92%;--awb-width-small:100%;--awb-order-small:0;--awb-spacing-right-small:1.92%;--awb-spacing-left-small:1.92%;\" data-scroll-devices=\"small-visibility,medium-visibility,large-visibility\"><div class=\"fusion-column-wrapper fusion-column-has-shadow fusion-flex-justify-content-flex-start fusion-content-layout-column\"><div class=\"fusion-text fusion-text-2\"><h2 style=\"letter-spacing: 0.1em; font-size: 44px; font-weight: 300; text-align: center; margin-bottom: 20px;\">Breath of Live &#8211; Stillness Meditation<\/h2>\n<\/div><\/div><\/div><div class=\"fusion-layout-column fusion_builder_column fusion-builder-column-2 fusion_builder_column_1_2 1_2 fusion-flex-column\" style=\"--awb-bg-size:cover;--awb-width-large:50%;--awb-margin-top-large:0px;--awb-spacing-right-large:3.84%;--awb-margin-bottom-large:20px;--awb-spacing-left-large:3.84%;--awb-width-medium:100%;--awb-order-medium:0;--awb-spacing-right-medium:1.92%;--awb-spacing-left-medium:1.92%;--awb-width-small:100%;--awb-order-small:0;--awb-spacing-right-small:1.92%;--awb-spacing-left-small:1.92%;\"><div class=\"fusion-column-wrapper fusion-column-has-shadow fusion-flex-justify-content-flex-start fusion-content-layout-column\"><div class=\"fusion-text fusion-text-3\"><h2><b>Breath of life &#8211; A meditation to deepen you in Stillness\u00a0<\/b><\/h2>\n<p><b>Cost:\u00a0<\/b>Free!<\/p>\n<p><b>Where:\u00a0<\/b>Held online on Zoom.<\/p>\n<p><b>When: 23rd March<\/b><span class=\"Y2IQFc\" lang=\"de\">\u00a02026<\/span>\u00a08-8:30pm Central European Time <span class=\"Y2IQFc\" lang=\"de\">(<a href=\"https:\/\/www.worldtimebuddy.com\/?qm=1&amp;lid=2950159,2643743,5128581,5368361&amp;h=2950159&amp;date=2025-4-27&amp;sln=20-21&amp;hf=0\" target=\"_blank\" rel=\"noopener\">Time Converter<\/a>)<\/span><\/p>\n<p><span style=\"color: #212934; font-family: Droid Sans;\"><strong>Breath of live &#8211; Stillness Meditation <\/strong>with\u00a0Elke Angermann, live streamed from Esslingen (near Stuttgart\/Germany).<\/span><\/p>\n<p>This event is open to all who would love to experience the Breath of Life and deepen into Stillness together. Everyone is welcome!<\/p>\n<p>This event is inspired by the recent Craniosacral Therapy Worldwide event &#8211; in honor and gratitude to the work of William Garner Sutherland, pioneer of Craniosacral work and Osteopathy.<\/p>\n<p id=\"tw-target-text\" class=\"tw-data-text tw-text-large tw-ta\" dir=\"ltr\" data-placeholder=\"Translation\" data-ved=\"2ahUKEwjy_paq39yMAxUenf0HHYMpL84Q3ewLegQICBAV\" aria-label=\"Translated text: The \"><span class=\"Y2IQFc\" lang=\"en\">The &#8220;Breath of Life&#8221; has become a fundamental concept in Craniosacral therapy and Biodynamic Osteopathy. The essence of biodynamic work is slowness and stillness. In this meditation, we aim to connect with this in a completely natural way and share the stillness together.<\/span><\/p>\n<p dir=\"ltr\" data-placeholder=\"Translation\" data-ved=\"2ahUKEwjy_paq39yMAxUenf0HHYMpL84Q3ewLegQICBAV\" aria-label=\"Translated text: The \">The meditation took place for the first time on April 27th and is now a monthly event. At the moment we are most of the time 15-18 of us, from four to six different countries. A \u00a0wonderful meditation, very relaxing and powerful to sit together in silence.<\/p>\n<p><b>Some more practical information:<\/b><br \/>\nThe Zoom space will open at 7:45 pm, to give everybody a chance to arrive and settle in. Please arrive before 8pm. At 8 am, I will first give some short and simple guidance to help start the meditation. You are very welcome to follow this, or to do the meditation in your own way. Then, from 8-8:30pm we will sit in Stillness together.<\/p>\n<p>For those who would like to give some feedback, you can share this in the chat on zoom, on my Facebook page or by email.<\/p>\n<p>Remember to double check your time zone, as the mediation will start at 8:00 pm German time (CET) on the 27th April 2025.<\/p>\n<pre id=\"tw-target-text\" class=\"tw-data-text tw-text-large tw-ta\" dir=\"ltr\" data-placeholder=\"Translation\" data-ved=\"2ahUKEwjc0Zevx9yMAxUo-QIHHYxzEnIQ3ewLegQICBAV\" aria-label=\"Translated text: Ich \u00f6ffne den Zoom-Account um 19:55 Uhr. Alle k\u00f6nnen sich hinsetzen und von 20:00 bis 20:30 Uhr sitzen wir gemeinsam in Ruhe. Gerne k\u00f6nnt ihr l\u00e4nger sitzen bleiben. Ich lasse Zoom bis 21:00 Uhr ge\u00f6ffnet. Wir bleiben stummgeschaltet.\"><\/pre>\n<\/div><\/div><\/div><div class=\"fusion-layout-column fusion_builder_column fusion-builder-column-3 fusion_builder_column_1_2 1_2 fusion-flex-column\" style=\"--awb-bg-size:cover;--awb-width-large:50%;--awb-margin-top-large:0px;--awb-spacing-right-large:3.84%;--awb-margin-bottom-large:20px;--awb-spacing-left-large:3.84%;--awb-width-medium:100%;--awb-order-medium:0;--awb-spacing-right-medium:1.92%;--awb-spacing-left-medium:1.92%;--awb-width-small:100%;--awb-order-small:0;--awb-spacing-right-small:1.92%;--awb-spacing-left-small:1.92%;\"><div class=\"fusion-column-wrapper fusion-column-has-shadow fusion-flex-justify-content-flex-start fusion-content-layout-column\">\n<div class=\"wpcf7 no-js\" id=\"wpcf7-f13439-o1\" lang=\"de-DE\" dir=\"ltr\" data-wpcf7-id=\"13439\">\n<div class=\"screen-reader-response\"><p role=\"status\" aria-live=\"polite\" aria-atomic=\"true\"><\/p> <ul><\/ul><\/div>\n<form action=\"\/en\/wp-json\/wp\/v2\/pages\/13300#wpcf7-f13439-o1\" method=\"post\" class=\"wpcf7-form init\" aria-label=\"Kontaktformular\" novalidate=\"novalidate\" data-status=\"init\">\n<fieldset class=\"hidden-fields-container\"><input type=\"hidden\" name=\"_wpcf7\" value=\"13439\" \/><input type=\"hidden\" name=\"_wpcf7_version\" value=\"6.1.5\" \/><input type=\"hidden\" name=\"_wpcf7_locale\" value=\"de_DE\" \/><input type=\"hidden\" name=\"_wpcf7_unit_tag\" value=\"wpcf7-f13439-o1\" \/><input type=\"hidden\" name=\"_wpcf7_container_post\" value=\"0\" \/><input type=\"hidden\" name=\"_wpcf7_posted_data_hash\" value=\"\" \/>\n<\/fieldset>\n<p><b>I hereby register for the free event - Breath of Life Meditation on 13th April 2026 at 8 pm (CEST):<\/b>\n<\/p>\n<p><label> First name*<br \/>\n<span class=\"wpcf7-form-control-wrap\" data-name=\"vorname\"><input size=\"40\" maxlength=\"400\" class=\"wpcf7-form-control wpcf7-text wpcf7-validates-as-required\" aria-required=\"true\" aria-invalid=\"false\" value=\"\" type=\"text\" name=\"vorname\" \/><\/span> <\/label>\n<\/p>\n<p><label> Surname*<br \/>\n<span class=\"wpcf7-form-control-wrap\" data-name=\"nachname\"><input size=\"40\" maxlength=\"400\" class=\"wpcf7-form-control wpcf7-text wpcf7-validates-as-required\" aria-required=\"true\" aria-invalid=\"false\" value=\"\" type=\"text\" name=\"nachname\" \/><\/span> <\/label>\n<\/p>\n<p><label> E-Mail-Adresse*<br \/>\n<span class=\"wpcf7-form-control-wrap\" data-name=\"your-email\"><input size=\"40\" maxlength=\"400\" class=\"wpcf7-form-control wpcf7-email wpcf7-validates-as-required wpcf7-text wpcf7-validates-as-email\" aria-required=\"true\" aria-invalid=\"false\" value=\"\" type=\"email\" name=\"your-email\" \/><\/span> <\/label><br \/>\n<span id=\"wpcf7-69e28b12201ea-wrapper\" class=\"wpcf7-form-control-wrap website-7877-wrap\" style=\"display:none !important; visibility:hidden !important;\"><input type=\"hidden\" name=\"website-7877-time-start\" value=\"1776454418\"><input type=\"hidden\" name=\"website-7877-time-check\" value=\"6\"><label for=\"wpcf7-69e28b12201ea-field\" class=\"hp-message\">Bitte lasse dieses Feld leer.<\/label><input id=\"wpcf7-69e28b12201ea-field\"  class=\"wpcf7-form-control wpcf7-text\" type=\"text\" name=\"website-7877\" value=\"\" size=\"40\" tabindex=\"-1\" autocomplete=\"new-password\" \/><\/span>\n<\/p>\n<p><label> Country<br \/>\n<span class=\"wpcf7-form-control-wrap\" data-name=\"Land\"><input size=\"40\" maxlength=\"400\" class=\"wpcf7-form-control wpcf7-text\" aria-invalid=\"false\" value=\"\" type=\"text\" name=\"Land\" \/><\/span> <\/label>\n<\/p>\n<p><span class=\"wpcf7-form-control-wrap\" data-name=\"checkbox-708\"><span class=\"wpcf7-form-control wpcf7-checkbox wpcf7-validates-as-required wpcf7-exclusive-checkbox box-red\"><span class=\"wpcf7-list-item first last\"><input type=\"checkbox\" name=\"checkbox-708\" value=\"Data protection notice accepted\" \/><span class=\"wpcf7-list-item-label\">Data protection notice accepted<\/span><\/span><\/span><\/span>*:<br \/>\nI have taken note of the <a href=\"https:\/\/www.cranio-therapie-stuttgart.de\/en\/privacy-policy\/2\" target=\"_blank\">privacy policy<\/a>. I agree that my details and data will be collected and stored electronically to answer my request.<br \/>\nYou can revoke your consent at any time for the future by sending an e-mail to <a href=\"mailto:info@cranio-therapie-stuttgart.de\ufeff\ufeff\ufeff\">info@cranio-therapie-stuttgart.de\ufeff\ufeff\ufeff<\/a>*.\n<\/p>\n<p><input class=\"wpcf7-form-control wpcf7-submit has-spinner\" type=\"submit\" value=\"Send\" \/>\n<\/p><div class=\"fusion-alert alert custom alert-custom fusion-alert-center wpcf7-response-output fusion-alert-capitalize awb-alert-native-link-color alert-dismissable awb-alert-close-boxed\" style=\"--awb-border-top-left-radius:0px;--awb-border-top-right-radius:0px;--awb-border-bottom-left-radius:0px;--awb-border-bottom-right-radius:0px;\" role=\"alert\"><div class=\"fusion-alert-content-wrapper\"><span class=\"fusion-alert-content\"><\/span><\/div><button type=\"button\" class=\"close toggle-alert\" data-dismiss=\"alert\" aria-label=\"Close\">&times;<\/button><\/div>\n<\/form>\n<\/div>\n<\/div><\/div><\/div><\/div><\/p>\n","protected":false},"excerpt":{"rendered":"","protected":false},"author":4,"featured_media":0,"parent":0,"menu_order":50,"comment_status":"open","ping_status":"closed","template":"100-width.php","meta":{"footnotes":""},"class_list":["post-13300","page","type-page","status-publish","hentry"],"yoast_head":"<!-- This site is optimized with the Yoast SEO plugin v27.2 - https:\/\/yoast.com\/product\/yoast-seo-wordpress\/ -->\n<title>&quot;Breath of Life&quot; Stillness Meditation - Live online - Cranio Stuttgart<\/title>\n<meta name=\"description\" content=\"Meditation mit Elke Angermann. \u201eBreath of Life\u201c ist ein fundamentaler Begriff in der Craniosacralen Therapie &amp; der biodynamischen Osteopathie.\" \/>\n<meta name=\"robots\" content=\"index, follow, max-snippet:-1, max-image-preview:large, max-video-preview:-1\" \/>\n<link rel=\"canonical\" href=\"https:\/\/www.cranio-therapie-stuttgart.de\/en\/breath-of-life-meditation\/\" \/>\n<meta property=\"og:locale\" content=\"en_US\" \/>\n<meta property=\"og:type\" content=\"article\" \/>\n<meta property=\"og:title\" content=\"&quot;Breath of Life&quot; Stillness Meditation - Live online - Cranio Stuttgart\" \/>\n<meta property=\"og:description\" content=\"Meditation mit Elke Angermann. \u201eBreath of Life\u201c ist ein fundamentaler Begriff in der Craniosacralen Therapie &amp; der biodynamischen Osteopathie.\" \/>\n<meta property=\"og:url\" content=\"https:\/\/www.cranio-therapie-stuttgart.de\/en\/breath-of-life-meditation\/\" \/>\n<meta property=\"og:site_name\" content=\"Craniosacrale Therapie, Traumatherapie, Energiearbeit\" \/>\n<meta property=\"article:modified_time\" content=\"2026-03-01T18:55:23+00:00\" \/>\n<meta property=\"og:image\" content=\"https:\/\/www.cranio-therapie-stuttgart.de\/wp-content\/uploads\/2023\/03\/Elke-Angermann-Cranio-Schule-Stuttgart-2301391.jpg\" \/>\n\t<meta property=\"og:image:width\" content=\"1256\" \/>\n\t<meta property=\"og:image:height\" content=\"1675\" \/>\n\t<meta property=\"og:image:type\" content=\"image\/jpeg\" \/>\n<meta name=\"twitter:label1\" content=\"Est. reading time\" \/>\n\t<meta name=\"twitter:data1\" content=\"3 minutes\" \/>\n<script type=\"application\/ld+json\" class=\"yoast-schema-graph\">{\"@context\":\"https:\/\/schema.org\",\"@graph\":[{\"@type\":\"WebPage\",\"@id\":\"https:\/\/www.cranio-therapie-stuttgart.de\/en\/breath-of-life-meditation\/\",\"url\":\"https:\/\/www.cranio-therapie-stuttgart.de\/en\/breath-of-life-meditation\/\",\"name\":\"\\\"Breath of Life\\\" Stillness Meditation - Live online - Cranio Stuttgart\",\"isPartOf\":{\"@id\":\"https:\/\/www.cranio-therapie-stuttgart.de\/en\/#website\"},\"datePublished\":\"2025-04-17T09:45:09+00:00\",\"dateModified\":\"2026-03-01T18:55:23+00:00\",\"description\":\"Meditation mit Elke Angermann. \u201eBreath of Life\u201c ist ein fundamentaler Begriff in der Craniosacralen Therapie & der biodynamischen Osteopathie.\",\"breadcrumb\":{\"@id\":\"https:\/\/www.cranio-therapie-stuttgart.de\/en\/breath-of-life-meditation\/#breadcrumb\"},\"inLanguage\":\"en-US\",\"potentialAction\":[{\"@type\":\"ReadAction\",\"target\":[\"https:\/\/www.cranio-therapie-stuttgart.de\/en\/breath-of-life-meditation\/\"]}]},{\"@type\":\"BreadcrumbList\",\"@id\":\"https:\/\/www.cranio-therapie-stuttgart.de\/en\/breath-of-life-meditation\/#breadcrumb\",\"itemListElement\":[{\"@type\":\"ListItem\",\"position\":1,\"name\":\"Startseite\",\"item\":\"https:\/\/www.cranio-therapie-stuttgart.de\/en\/\"},{\"@type\":\"ListItem\",\"position\":2,\"name\":\"Breath of Life Meditation\"}]},{\"@type\":\"WebSite\",\"@id\":\"https:\/\/www.cranio-therapie-stuttgart.de\/en\/#website\",\"url\":\"https:\/\/www.cranio-therapie-stuttgart.de\/en\/\",\"name\":\"Craniosacrale Therapie, Traumatherapie, Energiearbeit\",\"description\":\"Elke Angermann, Stuttgart\",\"potentialAction\":[{\"@type\":\"SearchAction\",\"target\":{\"@type\":\"EntryPoint\",\"urlTemplate\":\"https:\/\/www.cranio-therapie-stuttgart.de\/en\/?s={search_term_string}\"},\"query-input\":{\"@type\":\"PropertyValueSpecification\",\"valueRequired\":true,\"valueName\":\"search_term_string\"}}],\"inLanguage\":\"en-US\"}]}<\/script>\n<!-- \/ Yoast SEO plugin. -->","yoast_head_json":{"title":"\"Breath of Life\" Stillness Meditation - Live online - Cranio Stuttgart","description":"Meditation mit Elke Angermann. \u201eBreath of Life\u201c ist ein fundamentaler Begriff in der Craniosacralen Therapie & der biodynamischen Osteopathie.","robots":{"index":"index","follow":"follow","max-snippet":"max-snippet:-1","max-image-preview":"max-image-preview:large","max-video-preview":"max-video-preview:-1"},"canonical":"https:\/\/www.cranio-therapie-stuttgart.de\/en\/breath-of-life-meditation\/","og_locale":"en_US","og_type":"article","og_title":"\"Breath of Life\" Stillness Meditation - Live online - Cranio Stuttgart","og_description":"Meditation mit Elke Angermann. \u201eBreath of Life\u201c ist ein fundamentaler Begriff in der Craniosacralen Therapie & der biodynamischen Osteopathie.","og_url":"https:\/\/www.cranio-therapie-stuttgart.de\/en\/breath-of-life-meditation\/","og_site_name":"Craniosacrale Therapie, Traumatherapie, Energiearbeit","article_modified_time":"2026-03-01T18:55:23+00:00","og_image":[{"width":1256,"height":1675,"url":"https:\/\/www.cranio-therapie-stuttgart.de\/wp-content\/uploads\/2023\/03\/Elke-Angermann-Cranio-Schule-Stuttgart-2301391.jpg","type":"image\/jpeg"}],"twitter_misc":{"Est. reading time":"3 minutes"},"schema":{"@context":"https:\/\/schema.org","@graph":[{"@type":"WebPage","@id":"https:\/\/www.cranio-therapie-stuttgart.de\/en\/breath-of-life-meditation\/","url":"https:\/\/www.cranio-therapie-stuttgart.de\/en\/breath-of-life-meditation\/","name":"\"Breath of Life\" Stillness Meditation - Live online - Cranio Stuttgart","isPartOf":{"@id":"https:\/\/www.cranio-therapie-stuttgart.de\/en\/#website"},"datePublished":"2025-04-17T09:45:09+00:00","dateModified":"2026-03-01T18:55:23+00:00","description":"Meditation mit Elke Angermann. \u201eBreath of Life\u201c ist ein fundamentaler Begriff in der Craniosacralen Therapie & der biodynamischen Osteopathie.","breadcrumb":{"@id":"https:\/\/www.cranio-therapie-stuttgart.de\/en\/breath-of-life-meditation\/#breadcrumb"},"inLanguage":"en-US","potentialAction":[{"@type":"ReadAction","target":["https:\/\/www.cranio-therapie-stuttgart.de\/en\/breath-of-life-meditation\/"]}]},{"@type":"BreadcrumbList","@id":"https:\/\/www.cranio-therapie-stuttgart.de\/en\/breath-of-life-meditation\/#breadcrumb","itemListElement":[{"@type":"ListItem","position":1,"name":"Startseite","item":"https:\/\/www.cranio-therapie-stuttgart.de\/en\/"},{"@type":"ListItem","position":2,"name":"Breath of Life Meditation"}]},{"@type":"WebSite","@id":"https:\/\/www.cranio-therapie-stuttgart.de\/en\/#website","url":"https:\/\/www.cranio-therapie-stuttgart.de\/en\/","name":"Craniosacrale Therapie, Traumatherapie, Energiearbeit","description":"Elke Angermann, Stuttgart","potentialAction":[{"@type":"SearchAction","target":{"@type":"EntryPoint","urlTemplate":"https:\/\/www.cranio-therapie-stuttgart.de\/en\/?s={search_term_string}"},"query-input":{"@type":"PropertyValueSpecification","valueRequired":true,"valueName":"search_term_string"}}],"inLanguage":"en-US"}]}},"_links":{"self":[{"href":"https:\/\/www.cranio-therapie-stuttgart.de\/en\/wp-json\/wp\/v2\/pages\/13300","targetHints":{"allow":["GET"]}}],"collection":[{"href":"https:\/\/www.cranio-therapie-stuttgart.de\/en\/wp-json\/wp\/v2\/pages"}],"about":[{"href":"https:\/\/www.cranio-therapie-stuttgart.de\/en\/wp-json\/wp\/v2\/types\/page"}],"author":[{"embeddable":true,"href":"https:\/\/www.cranio-therapie-stuttgart.de\/en\/wp-json\/wp\/v2\/users\/4"}],"replies":[{"embeddable":true,"href":"https:\/\/www.cranio-therapie-stuttgart.de\/en\/wp-json\/wp\/v2\/comments?post=13300"}],"version-history":[{"count":24,"href":"https:\/\/www.cranio-therapie-stuttgart.de\/en\/wp-json\/wp\/v2\/pages\/13300\/revisions"}],"predecessor-version":[{"id":41639,"href":"https:\/\/www.cranio-therapie-stuttgart.de\/en\/wp-json\/wp\/v2\/pages\/13300\/revisions\/41639"}],"wp:attachment":[{"href":"https:\/\/www.cranio-therapie-stuttgart.de\/en\/wp-json\/wp\/v2\/media?parent=13300"}],"curies":[{"name":"wp","href":"https:\/\/api.w.org\/{rel}","templated":true}]}}